{"id":805,"date":"2023-04-28T23:56:02","date_gmt":"2023-04-28T21:56:02","guid":{"rendered":"https:\/\/www.pavolhlubik.sk\/services\/abhyjanga\/"},"modified":"2025-11-30T20:10:38","modified_gmt":"2025-11-30T19:10:38","slug":"abhyjanga","status":"publish","type":"page","link":"https:\/\/www.pavolhlubik.sk\/en\/services\/abhyjanga\/","title":{"rendered":"Oil Monsoon From Ancient India"},"content":{"rendered":"<!--themify_builder_content-->\n<div id=\"themify_builder_content-805\" data-postid=\"805\" class=\"themify_builder_content themify_builder_content-805 themify_builder tf_clear\">\n                    <div  data-lazy=\"1\" class=\"module_row themify_builder_row tb_t92g165 tb_first tf_w\">\n            <span class=\"builder_row_cover tf_abs\"><\/span>            <div class=\"row_inner col_align_top tb_col_count_1 tf_box tf_rel\">\n                        <div  data-lazy=\"1\" class=\"module_column tb-column col-full tb_scgr165 first\">\n                    <!-- module text -->\n<div  class=\"module module-text tb_es9c839   \" data-lazy=\"1\">\n        <div  class=\"tb_text_wrap\">\n        <h2 style=\"text-align: center;\"><strong><span style=\"color: #f1e9df;\">Oil Monsoon from Ancient India<br><\/span><\/strong><\/h2>    <\/div>\n<\/div>\n<!-- \/module text -->        <\/div>\n                        <\/div>\n        <\/div>\n                        <div  data-lazy=\"1\" class=\"module_row themify_builder_row tb_oji1337 tf_w\">\n                        <div class=\"row_inner col_align_top tb_col_count_2 tf_box tf_rel\">\n                        <div  data-lazy=\"1\" class=\"module_column tb-column col4-2 tb_gnbm338 first\">\n                    <!-- module image -->\n<div  class=\"module module-image tb_ll2w460 image-top   tf_mw\" data-lazy=\"1\">\n        <div class=\"image-wrap tf_rel tf_mw\">\n                \n        <\/div>\n    <!-- \/image-wrap -->\n    \n        <\/div>\n<!-- \/module image --><!-- module image -->\n<div  class=\"module module-image tb_uf9g52 image-top   tf_mw\" data-lazy=\"1\">\n        <div class=\"image-wrap tf_rel tf_mw\">\n            <img decoding=\"async\" width=\"500\" height=\"500\" src=\"https:\/\/www.pavolhlubik.sk\/wp-content\/uploads\/2023\/05\/abhyanga-masaz-bratislava.jpg\" class=\"wp-post-image wp-image-766\" title=\"ABHYANGA\" alt=\"ajurv\u00e9dska mas\u00e1\u017e ABHYANGA\" srcset=\"https:\/\/www.pavolhlubik.sk\/wp-content\/uploads\/2023\/05\/abhyanga-masaz-bratislava.jpg 500w, https:\/\/www.pavolhlubik.sk\/wp-content\/uploads\/2023\/05\/abhyanga-masaz-bratislava-300x300.jpg 300w, https:\/\/www.pavolhlubik.sk\/wp-content\/uploads\/2023\/05\/abhyanga-masaz-bratislava-150x150.jpg 150w, https:\/\/www.pavolhlubik.sk\/wp-content\/uploads\/2023\/05\/abhyanga-masaz-bratislava-250x250.jpg 250w, https:\/\/www.pavolhlubik.sk\/wp-content\/uploads\/2023\/05\/abhyanga-masaz-bratislava-200x200.jpg 200w, https:\/\/www.pavolhlubik.sk\/wp-content\/uploads\/2023\/05\/abhyanga-masaz-bratislava-400x400.jpg 400w\" sizes=\"(max-width: 500px) 100vw, 500px\" \/>    \n        <\/div>\n    <!-- \/image-wrap -->\n    \n        <div class=\"image-content\">\n                    <h3 class=\"image-title\">\n                                    ABHYANGA                            <\/h3>\n                    <\/div>\n    <!-- \/image-content -->\n        <\/div>\n<!-- \/module image -->        <\/div>\n                    <div  data-lazy=\"1\" class=\"module_column tb-column col4-2 tb_j7n0827 last\">\n                    <!-- module text -->\n<div  class=\"module module-text tb_w0ms164   \" data-lazy=\"1\">\n        <div  class=\"tb_text_wrap\">\n        <h2 style=\"text-align: center;\">Ayurvedic full body massage ABHYANGA<\/h2>    <\/div>\n<\/div>\n<!-- \/module text --><!-- module text -->\n<div  class=\"module module-text tb_1gpc846   \" data-lazy=\"1\">\n        <div  class=\"tb_text_wrap\">\n        <p>Ayurvedic oil massage focuses on the whole body, head, feet, and palms. Warm oil is used to massage the \u201cmarma points\u201d \u2013 nodal points or crossroads of energy flow in the body. The massage is not intense or deep, but gentle and relaxing. Abhyanga increases the production of white blood cells and antibodies, which provide protection against viruses and illnesses. It beneficially revitalizes the body, slows down the aging process, and restores vitality. It enhances muscle function, softens the skin, and has a positive effect on overall skin quality.<\/p>    <\/div>\n<\/div>\n<!-- \/module text --><!-- module text -->\n<div  class=\"module module-text tb_0shj728   \" data-lazy=\"1\">\n        <div  class=\"tb_text_wrap\">\n        <h3><strong>Price list<\/strong><\/h3>\n<ul>\n<li><strong>1h &#8211; 65.00 \u20ac<\/strong><\/li>\n<li><strong>1h 30min &#8211; 95.00 \u20ac<\/strong><\/li>\n<\/ul>    <\/div>\n<\/div>\n<!-- \/module text --><!-- module buttons -->\n<div  class=\"module module-buttons tb_ung6716 buttons-horizontal solid  \" data-lazy=\"1\">\n        <div class=\"module-buttons-item tf_in_flx\">\n                        <a href=\"https:\/\/bratislawin.myapponio.com\/\" class=\"ui builder_button tf_in_flx tb_default_color\" rel=\"nofollow noopener\" target=\"_blank\">\n                                                Book a date                                        <\/a>\n                <\/div>\n            <\/div>\n<!-- \/module buttons -->\n        <\/div>\n                        <\/div>\n        <\/div>\n                        <div  data-lazy=\"1\" class=\"module_row themify_builder_row tb_g93h596 tf_w\">\n                        <div class=\"row_inner col_align_top tb_col_count_1 tf_box tf_rel\">\n                        <div  data-lazy=\"1\" class=\"module_column tb-column col-full tb_syv8596 first\">\n                    <!-- module text -->\n<div  class=\"module module-text tb_yd9a720    hide-desktop hide-tablet hide-tablet_landscape hide-mobile\" data-lazy=\"1\">\n        <div  class=\"tb_text_wrap\">\n        <p>Abhyanga literally means the application of oil to the body. The oil is applied from head to toe, covering the entire body. This full-body massage consists of rhythmic, flowing strokes that stimulate blood circulation, support detoxification, and relieve both muscular and nervous tension.<\/p>    <\/div>\n<\/div>\n<!-- \/module text -->        <\/div>\n                        <\/div>\n        <\/div>\n        <\/div>\n<!--\/themify_builder_content-->","protected":false},"excerpt":{"rendered":"<p>Oil Monsoon from Ancient India<\/p>\n","protected":false},"author":1,"featured_media":766,"parent":801,"menu_order":0,"comment_status":"closed","ping_status":"closed","template":"","meta":{"footnotes":""},"class_list":["post-805","page","type-page","status-publish","has-post-thumbnail","hentry","has-post-title","has-post-date","has-post-category","has-post-tag","has-post-comment","has-post-author",""],"builder_content":"<h2 style=\"text-align: center;\"><strong>Oil Monsoon from Ancient India<br><\/strong><\/h2>\n\n<img src=\"https:\/\/www.pavolhlubik.sk\/wp-content\/uploads\/2023\/05\/abhyanga-masaz-bratislava.jpg\" title=\"ABHYANGA\" alt=\"ajurv\u00e9dska mas\u00e1\u017e ABHYANGA\" srcset=\"https:\/\/www.pavolhlubik.sk\/wp-content\/uploads\/2023\/05\/abhyanga-masaz-bratislava.jpg 500w, https:\/\/www.pavolhlubik.sk\/wp-content\/uploads\/2023\/05\/abhyanga-masaz-bratislava-300x300.jpg 300w, https:\/\/www.pavolhlubik.sk\/wp-content\/uploads\/2023\/05\/abhyanga-masaz-bratislava-150x150.jpg 150w, https:\/\/www.pavolhlubik.sk\/wp-content\/uploads\/2023\/05\/abhyanga-masaz-bratislava-250x250.jpg 250w, https:\/\/www.pavolhlubik.sk\/wp-content\/uploads\/2023\/05\/abhyanga-masaz-bratislava-200x200.jpg 200w, https:\/\/www.pavolhlubik.sk\/wp-content\/uploads\/2023\/05\/abhyanga-masaz-bratislava-400x400.jpg 400w\" sizes=\"(max-width: 500px) 100vw, 500px\" \/> <h3> ABHYANGA <\/h3>\n<h2 style=\"text-align: center;\">Ayurvedic full body massage ABHYANGA<\/h2>\n<p>Ayurvedic oil massage focuses on the whole body, head, feet, and palms. Warm oil is used to massage the \u201cmarma points\u201d \u2013 nodal points or crossroads of energy flow in the body. The massage is not intense or deep, but gentle and relaxing. Abhyanga increases the production of white blood cells and antibodies, which provide protection against viruses and illnesses. It beneficially revitalizes the body, slows down the aging process, and restores vitality. It enhances muscle function, softens the skin, and has a positive effect on overall skin quality.<\/p>\n<h3><strong>Price list<\/strong><\/h3> <ul> <li><strong>1h - 65.00 \u20ac<\/strong><\/li> <li><strong>1h 30min - 95.00 \u20ac<\/strong><\/li> <\/ul>\n<a href=\"https:\/\/bratislawin.myapponio.com\/\" > Book a date <\/a>\n<p>Abhyanga literally means the application of oil to the body. The oil is applied from head to toe, covering the entire body. This full-body massage consists of rhythmic, flowing strokes that stimulate blood circulation, support detoxification, and relieve both muscular and nervous tension.<\/p>","_links":{"self":[{"href":"https:\/\/www.pavolhlubik.sk\/en\/wp-json\/wp\/v2\/pages\/805","targetHints":{"allow":["GET"]}}],"collection":[{"href":"https:\/\/www.pavolhlubik.sk\/en\/wp-json\/wp\/v2\/pages"}],"about":[{"href":"https:\/\/www.pavolhlubik.sk\/en\/wp-json\/wp\/v2\/types\/page"}],"author":[{"embeddable":true,"href":"https:\/\/www.pavolhlubik.sk\/en\/wp-json\/wp\/v2\/users\/1"}],"replies":[{"embeddable":true,"href":"https:\/\/www.pavolhlubik.sk\/en\/wp-json\/wp\/v2\/comments?post=805"}],"version-history":[{"count":0,"href":"https:\/\/www.pavolhlubik.sk\/en\/wp-json\/wp\/v2\/pages\/805\/revisions"}],"up":[{"embeddable":true,"href":"https:\/\/www.pavolhlubik.sk\/en\/wp-json\/wp\/v2\/pages\/801"}],"wp:featuredmedia":[{"embeddable":true,"href":"https:\/\/www.pavolhlubik.sk\/en\/wp-json\/wp\/v2\/media\/766"}],"wp:attachment":[{"href":"https:\/\/www.pavolhlubik.sk\/en\/wp-json\/wp\/v2\/media?parent=805"}],"curies":[{"name":"wp","href":"https:\/\/api.w.org\/{rel}","templated":true}]}}