{"id":817,"date":"2023-05-04T16:21:21","date_gmt":"2023-05-04T14:21:21","guid":{"rendered":"https:\/\/www.pavolhlubik.sk\/services\/classic-massage\/"},"modified":"2025-11-30T20:10:10","modified_gmt":"2025-11-30T19:10:10","slug":"classic-massage","status":"publish","type":"page","link":"https:\/\/www.pavolhlubik.sk\/en\/services\/classic-massage\/","title":{"rendered":"Proved Classic &#8211; Ultimate Relax"},"content":{"rendered":"<!--themify_builder_content-->\n<div id=\"themify_builder_content-817\" data-postid=\"817\" class=\"themify_builder_content themify_builder_content-817 themify_builder tf_clear\">\n                    <div  data-lazy=\"1\" class=\"module_row themify_builder_row tb_3foj184 tb_first tf_w\">\n            <span class=\"builder_row_cover tf_abs\"><\/span>            <div class=\"row_inner col_align_top tb_col_count_1 tf_box tf_rel\">\n                        <div  data-lazy=\"1\" class=\"module_column tb-column col-full tb_579l881 first\">\n                    <!-- module text -->\n<div  class=\"module module-text tb_61mm267   \" data-lazy=\"1\">\n        <div  class=\"tb_text_wrap\">\n        <h2 style=\"text-align: center;\"><span style=\"color: #f1e9df;\">Proved Classic &#8211; Ultimate Relax<\/span><\/h2>    <\/div>\n<\/div>\n<!-- \/module text -->        <\/div>\n                        <\/div>\n        <\/div>\n                        <div  data-lazy=\"1\" class=\"module_row themify_builder_row tb_oji1337 tf_w\">\n                        <div class=\"row_inner col_align_top tb_col_count_2 tf_box tf_rel\">\n                        <div  data-lazy=\"1\" class=\"module_column tb-column col4-2 tb_gnbm338 first\">\n                    <!-- module image -->\n<div  class=\"module module-image tb_ll2w460 image-top   tf_mw\" data-lazy=\"1\">\n        <div class=\"image-wrap tf_rel tf_mw\">\n                \n        <\/div>\n    <!-- \/image-wrap -->\n    \n        <\/div>\n<!-- \/module image --><!-- module image -->\n<div  class=\"module module-image tb_uf9g52 image-top   tf_mw\" data-lazy=\"1\">\n        <div class=\"image-wrap tf_rel tf_mw\">\n            <img decoding=\"async\" width=\"500\" height=\"500\" src=\"https:\/\/www.pavolhlubik.sk\/wp-content\/uploads\/2023\/05\/klasicka-masaz-bratislava-1.jpg\" class=\"wp-post-image wp-image-760\" title=\"klasicka-masaz-bratislava\" alt=\"Klasick\u00e1 mas\u00e1\u017e\" srcset=\"https:\/\/www.pavolhlubik.sk\/wp-content\/uploads\/2023\/05\/klasicka-masaz-bratislava-1.jpg 500w, https:\/\/www.pavolhlubik.sk\/wp-content\/uploads\/2023\/05\/klasicka-masaz-bratislava-1-300x300.jpg 300w, https:\/\/www.pavolhlubik.sk\/wp-content\/uploads\/2023\/05\/klasicka-masaz-bratislava-1-150x150.jpg 150w, https:\/\/www.pavolhlubik.sk\/wp-content\/uploads\/2023\/05\/klasicka-masaz-bratislava-1-250x250.jpg 250w, https:\/\/www.pavolhlubik.sk\/wp-content\/uploads\/2023\/05\/klasicka-masaz-bratislava-1-200x200.jpg 200w, https:\/\/www.pavolhlubik.sk\/wp-content\/uploads\/2023\/05\/klasicka-masaz-bratislava-1-400x400.jpg 400w\" sizes=\"(max-width: 500px) 100vw, 500px\" \/>    \n        <\/div>\n    <!-- \/image-wrap -->\n    \n        <\/div>\n<!-- \/module image -->        <\/div>\n                    <div  data-lazy=\"1\" class=\"module_column tb-column col4-2 tb_j7n0827 last\">\n                    <!-- module text -->\n<div  class=\"module module-text tb_w0ms164   \" data-lazy=\"1\">\n        <div  class=\"tb_text_wrap\">\n        <h2>Classic full body massage<\/h2>    <\/div>\n<\/div>\n<!-- \/module text --><!-- module text -->\n<div  class=\"module module-text tb_1gpc846   \" data-lazy=\"1\">\n        <div  class=\"tb_text_wrap\">\n        <p data-start=\"35\" data-end=\"350\">It is a popular massage that provides deep relaxation, relieves fatigue, overstrain, and muscle cramps, and restores mobility to stiff and painful muscles. It has a positive effect against stress and depression, reduces tension, and supports mental balance. It is one of the most commonly used types of massage.<\/p>    <\/div>\n<\/div>\n<!-- \/module text --><!-- module text -->\n<div  class=\"module module-text tb_gbm5743   \" data-lazy=\"1\">\n        <div  class=\"tb_text_wrap\">\n        <h3><strong>Price list<\/strong><\/h3>\n<ul>\n<li><strong>1h 30min &#8211; 95.00 \u20ac<\/strong><\/li>\n<li><strong>1h &#8211; 65.00 \u20ac<\/strong><\/li>\n<li><strong>30min &#8211; 45.00 \u20ac<\/strong><\/li>\n<\/ul>    <\/div>\n<\/div>\n<!-- \/module text --><!-- module buttons -->\n<div  class=\"module module-buttons tb_ung6716 buttons-horizontal solid  \" data-lazy=\"1\">\n        <div class=\"module-buttons-item tf_in_flx\">\n                        <a href=\"https:\/\/bratislawin.myapponio.com\/\" class=\"ui builder_button tf_in_flx tb_default_color\" rel=\"nofollow noopener\" target=\"_blank\">\n                                                Book a date                                        <\/a>\n                <\/div>\n            <\/div>\n<!-- \/module buttons -->\n        <\/div>\n                        <\/div>\n        <\/div>\n                        <div  data-lazy=\"1\" class=\"module_row themify_builder_row tb_2iio34 tf_w\">\n                        <div class=\"row_inner col_align_top tb_col_count_1 tf_box tf_rel\">\n                        <div  data-lazy=\"1\" class=\"module_column tb-column col-full tb_fnnl34 first\">\n                    <!-- module text -->\n<div  class=\"module module-text tb_46x3139    hide-desktop hide-tablet hide-tablet_landscape hide-mobile\" data-lazy=\"1\">\n        <div  class=\"tb_text_wrap\">\n        <p>Classic massage increases blood circulation in the skin, empties superficial veins and lymphatic vessels, stimulates the secretion of sweat glands, supports the absorption of swelling or bruises, and improves the nourishment and function of tissues, joints, and tendons. It relieves pain. Through reflexes and changes in circulation, massage also affects distant organs and has an overall positive effect on the body. It has a stimulating effect on physical performance, the central nervous system, and supports immunity. It regulates sleep, promotes relaxation, and helps release mental tension. Classic massage is a set of massage techniques performed by the therapist\u2019s hands on the body of the client for therapeutic or preventive purposes. It originated in ancient times as a result of human practice and was considered a suitable method for healing and recovery after injuries.<\/p>    <\/div>\n<\/div>\n<!-- \/module text -->        <\/div>\n                        <\/div>\n        <\/div>\n        <\/div>\n<!--\/themify_builder_content-->","protected":false},"excerpt":{"rendered":"<p>Proved Classic &#8211; Ultimate Relax<\/p>\n","protected":false},"author":1,"featured_media":760,"parent":801,"menu_order":0,"comment_status":"closed","ping_status":"closed","template":"","meta":{"footnotes":""},"class_list":["post-817","page","type-page","status-publish","has-post-thumbnail","hentry","has-post-title","has-post-date","has-post-category","has-post-tag","has-post-comment","has-post-author",""],"builder_content":"<h2 style=\"text-align: center;\">Proved Classic - Ultimate Relax<\/h2>\n\n<img src=\"https:\/\/www.pavolhlubik.sk\/wp-content\/uploads\/2023\/05\/klasicka-masaz-bratislava-1.jpg\" title=\"klasicka-masaz-bratislava\" alt=\"Klasick\u00e1 mas\u00e1\u017e\" srcset=\"https:\/\/www.pavolhlubik.sk\/wp-content\/uploads\/2023\/05\/klasicka-masaz-bratislava-1.jpg 500w, https:\/\/www.pavolhlubik.sk\/wp-content\/uploads\/2023\/05\/klasicka-masaz-bratislava-1-300x300.jpg 300w, https:\/\/www.pavolhlubik.sk\/wp-content\/uploads\/2023\/05\/klasicka-masaz-bratislava-1-150x150.jpg 150w, https:\/\/www.pavolhlubik.sk\/wp-content\/uploads\/2023\/05\/klasicka-masaz-bratislava-1-250x250.jpg 250w, https:\/\/www.pavolhlubik.sk\/wp-content\/uploads\/2023\/05\/klasicka-masaz-bratislava-1-200x200.jpg 200w, https:\/\/www.pavolhlubik.sk\/wp-content\/uploads\/2023\/05\/klasicka-masaz-bratislava-1-400x400.jpg 400w\" sizes=\"(max-width: 500px) 100vw, 500px\" \/>\n<h2>Classic full body massage<\/h2>\n<p data-start=\"35\" data-end=\"350\">It is a popular massage that provides deep relaxation, relieves fatigue, overstrain, and muscle cramps, and restores mobility to stiff and painful muscles. It has a positive effect against stress and depression, reduces tension, and supports mental balance. It is one of the most commonly used types of massage.<\/p>\n<h3><strong>Price list<\/strong><\/h3> <ul> <li><strong>1h 30min - 95.00 \u20ac<\/strong><\/li> <li><strong>1h - 65.00 \u20ac<\/strong><\/li> <li><strong>30min - 45.00 \u20ac<\/strong><\/li> <\/ul>\n<a href=\"https:\/\/bratislawin.myapponio.com\/\" > Book a date <\/a>\n<p>Classic massage increases blood circulation in the skin, empties superficial veins and lymphatic vessels, stimulates the secretion of sweat glands, supports the absorption of swelling or bruises, and improves the nourishment and function of tissues, joints, and tendons. It relieves pain. Through reflexes and changes in circulation, massage also affects distant organs and has an overall positive effect on the body. It has a stimulating effect on physical performance, the central nervous system, and supports immunity. It regulates sleep, promotes relaxation, and helps release mental tension. Classic massage is a set of massage techniques performed by the therapist\u2019s hands on the body of the client for therapeutic or preventive purposes. It originated in ancient times as a result of human practice and was considered a suitable method for healing and recovery after injuries.<\/p>","_links":{"self":[{"href":"https:\/\/www.pavolhlubik.sk\/en\/wp-json\/wp\/v2\/pages\/817","targetHints":{"allow":["GET"]}}],"collection":[{"href":"https:\/\/www.pavolhlubik.sk\/en\/wp-json\/wp\/v2\/pages"}],"about":[{"href":"https:\/\/www.pavolhlubik.sk\/en\/wp-json\/wp\/v2\/types\/page"}],"author":[{"embeddable":true,"href":"https:\/\/www.pavolhlubik.sk\/en\/wp-json\/wp\/v2\/users\/1"}],"replies":[{"embeddable":true,"href":"https:\/\/www.pavolhlubik.sk\/en\/wp-json\/wp\/v2\/comments?post=817"}],"version-history":[{"count":0,"href":"https:\/\/www.pavolhlubik.sk\/en\/wp-json\/wp\/v2\/pages\/817\/revisions"}],"up":[{"embeddable":true,"href":"https:\/\/www.pavolhlubik.sk\/en\/wp-json\/wp\/v2\/pages\/801"}],"wp:featuredmedia":[{"embeddable":true,"href":"https:\/\/www.pavolhlubik.sk\/en\/wp-json\/wp\/v2\/media\/760"}],"wp:attachment":[{"href":"https:\/\/www.pavolhlubik.sk\/en\/wp-json\/wp\/v2\/media?parent=817"}],"curies":[{"name":"wp","href":"https:\/\/api.w.org\/{rel}","templated":true}]}}